{"id":7827,"date":"2024-03-27T20:28:42","date_gmt":"2024-03-27T20:28:42","guid":{"rendered":"https:\/\/courses.fseduca.com.br\/wp\/produto\/curso-de-introducao-a-area-de-facility-management\/"},"modified":"2025-10-16T10:35:14","modified_gmt":"2025-10-16T13:35:14","slug":"curso-de-introducao-a-area-de-facility-management","status":"publish","type":"product","link":"https:\/\/courses.fseduca.com.br\/wp\/produto\/curso-de-introducao-a-area-de-facility-management\/","title":{"rendered":"Introdu\u00e7\u00e3o a \u00c1rea de Facility Management"},"content":{"rendered":"","protected":false},"excerpt":{"rendered":"","protected":false},"featured_media":9278,"template":"","meta":[],"product_brand":[],"product_cat":[66],"product_tag":[],"class_list":{"0":"post-7827","1":"product","2":"type-product","3":"status-publish","4":"has-post-thumbnail","6":"product_cat-video-aula","8":"first","9":"instock","10":"virtual","11":"sold-individually","12":"purchasable","13":"product-type-simple"},"_links":{"self":[{"href":"https:\/\/courses.fseduca.com.br\/wp\/wp-json\/wp\/v2\/product\/7827","targetHints":{"allow":["GET"]}}],"collection":[{"href":"https:\/\/courses.fseduca.com.br\/wp\/wp-json\/wp\/v2\/product"}],"about":[{"href":"https:\/\/courses.fseduca.com.br\/wp\/wp-json\/wp\/v2\/types\/product"}],"wp:featuredmedia":[{"embeddable":true,"href":"https:\/\/courses.fseduca.com.br\/wp\/wp-json\/wp\/v2\/media\/9278"}],"wp:attachment":[{"href":"https:\/\/courses.fseduca.com.br\/wp\/wp-json\/wp\/v2\/media?parent=7827"}],"wp:term":[{"taxonomy":"product_brand","embeddable":true,"href":"https:\/\/courses.fseduca.com.br\/wp\/wp-json\/wp\/v2\/product_brand?post=7827"},{"taxonomy":"product_cat","embeddable":true,"href":"https:\/\/courses.fseduca.com.br\/wp\/wp-json\/wp\/v2\/product_cat?post=7827"},{"taxonomy":"product_tag","embeddable":true,"href":"https:\/\/courses.fseduca.com.br\/wp\/wp-json\/wp\/v2\/product_tag?post=7827"}],"curies":[{"name":"wp","href":"https:\/\/api.w.org\/{rel}","templated":true}]}}