{"id":7783,"date":"2024-03-27T14:53:39","date_gmt":"2024-03-27T14:53:39","guid":{"rendered":"https:\/\/courses.fseduca.com.br\/wp\/produto\/workshop-esg-e-ods\/"},"modified":"2024-07-11T12:41:52","modified_gmt":"2024-07-11T15:41:52","slug":"workshop-esg-e-ods","status":"publish","type":"product","link":"https:\/\/courses.fseduca.com.br\/wp\/produto\/workshop-esg-e-ods\/","title":{"rendered":"Imers\u00e3o: Boas Pr\u00e1ticas para Contrata\u00e7\u00e3o de Servi\u00e7os de Limpezas"},"content":{"rendered":"","protected":false},"excerpt":{"rendered":"","protected":false},"featured_media":0,"template":"","meta":[],"product_brand":[],"product_cat":[16],"product_tag":[],"class_list":{"0":"post-7783","1":"product","2":"type-product","3":"status-publish","5":"product_cat-sem-categoria","7":"first","8":"instock","9":"virtual","10":"sold-individually","11":"purchasable","12":"product-type-simple"},"_links":{"self":[{"href":"https:\/\/courses.fseduca.com.br\/wp\/wp-json\/wp\/v2\/product\/7783","targetHints":{"allow":["GET"]}}],"collection":[{"href":"https:\/\/courses.fseduca.com.br\/wp\/wp-json\/wp\/v2\/product"}],"about":[{"href":"https:\/\/courses.fseduca.com.br\/wp\/wp-json\/wp\/v2\/types\/product"}],"wp:attachment":[{"href":"https:\/\/courses.fseduca.com.br\/wp\/wp-json\/wp\/v2\/media?parent=7783"}],"wp:term":[{"taxonomy":"product_brand","embeddable":true,"href":"https:\/\/courses.fseduca.com.br\/wp\/wp-json\/wp\/v2\/product_brand?post=7783"},{"taxonomy":"product_cat","embeddable":true,"href":"https:\/\/courses.fseduca.com.br\/wp\/wp-json\/wp\/v2\/product_cat?post=7783"},{"taxonomy":"product_tag","embeddable":true,"href":"https:\/\/courses.fseduca.com.br\/wp\/wp-json\/wp\/v2\/product_tag?post=7783"}],"curies":[{"name":"wp","href":"https:\/\/api.w.org\/{rel}","templated":true}]}}