{"id":15537,"date":"2025-09-19T11:40:25","date_gmt":"2025-09-19T14:40:25","guid":{"rendered":"https:\/\/courses.fseduca.com.br\/wp\/?post_type=product&#038;p=15537"},"modified":"2025-10-07T16:55:57","modified_gmt":"2025-10-07T19:55:57","slug":"do-invisivel-ao-estrategico-redescobrindo-o-valor-do-piso-nas-instalacoes","status":"publish","type":"product","link":"https:\/\/courses.fseduca.com.br\/wp\/produto\/do-invisivel-ao-estrategico-redescobrindo-o-valor-do-piso-nas-instalacoes\/","title":{"rendered":"Entrevista Ao Vivo \u2014 Do Invis\u00edvel ao Estrat\u00e9gico: Redescobrindo o Valor do Piso nas Instala\u00e7\u00f5es"},"content":{"rendered":"","protected":false},"excerpt":{"rendered":"","protected":false},"featured_media":15539,"template":"","meta":[],"product_brand":[],"product_cat":[90,69],"product_tag":[],"class_list":{"0":"post-15537","1":"product","2":"type-product","3":"status-publish","4":"has-post-thumbnail","6":"product_cat-evento","7":"product_cat-presencial","9":"first","10":"instock","11":"virtual","12":"sold-individually","13":"purchasable","14":"product-type-simple"},"_links":{"self":[{"href":"https:\/\/courses.fseduca.com.br\/wp\/wp-json\/wp\/v2\/product\/15537","targetHints":{"allow":["GET"]}}],"collection":[{"href":"https:\/\/courses.fseduca.com.br\/wp\/wp-json\/wp\/v2\/product"}],"about":[{"href":"https:\/\/courses.fseduca.com.br\/wp\/wp-json\/wp\/v2\/types\/product"}],"wp:featuredmedia":[{"embeddable":true,"href":"https:\/\/courses.fseduca.com.br\/wp\/wp-json\/wp\/v2\/media\/15539"}],"wp:attachment":[{"href":"https:\/\/courses.fseduca.com.br\/wp\/wp-json\/wp\/v2\/media?parent=15537"}],"wp:term":[{"taxonomy":"product_brand","embeddable":true,"href":"https:\/\/courses.fseduca.com.br\/wp\/wp-json\/wp\/v2\/product_brand?post=15537"},{"taxonomy":"product_cat","embeddable":true,"href":"https:\/\/courses.fseduca.com.br\/wp\/wp-json\/wp\/v2\/product_cat?post=15537"},{"taxonomy":"product_tag","embeddable":true,"href":"https:\/\/courses.fseduca.com.br\/wp\/wp-json\/wp\/v2\/product_tag?post=15537"}],"curies":[{"name":"wp","href":"https:\/\/api.w.org\/{rel}","templated":true}]}}